{"id":652,"date":"2018-03-19T13:07:14","date_gmt":"2018-03-19T12:07:14","guid":{"rendered":"http:\/\/www.siedchile.cl\/azienda\/"},"modified":"2022-07-28T10:32:18","modified_gmt":"2022-07-28T08:32:18","slug":"empresa","status":"publish","type":"page","link":"https:\/\/www.siedchile.cl\/es\/empresa\/","title":{"rendered":"Empresa"},"content":{"rendered":"<\/div><\/div><\/div><!-- close content main div --><\/div><\/div><div id='av_section_1' class='avia-section main_color avia-section-default avia-no-border-styling avia-full-stretch av-parallax-section av-section-color-overlay-active avia-bg-style-parallax  ht-section-top ht-page-about ht-page-business-top  av-minimum-height av-minimum-height-100 container_wrap sidebar_right'  data-section-bg-repeat='stretch' ><div class='av-parallax' data-avia-parallax-ratio='0.3' ><div class='av-parallax-inner main_color  avia-full-stretch' style = 'background-repeat: no-repeat; background-image: url(https:\/\/www.siedchile.cl\/wp-content\/uploads\/2018\/05\/siedchile_azienda_background.jpg); background-attachment: scroll; background-position: center right; ' ><\/div><\/div><div class='av-section-color-overlay-wrap'><div class='av-section-color-overlay' style='opacity: 1; background-image: url(https:\/\/www.siedchile.cl\/wp-content\/uploads\/2018\/07\/download.png); background-repeat: repeat;'><\/div><a href='#next-section' title='' class='scroll-down-link  av-custom-scroll-down-color' style='color: #ffffff;' aria-hidden='true' data-av_icon='\ue877' data-av_iconfont='entypo-fontello'><\/a><div class='container' ><div class='template-page content  av-content-small alpha units'><div class='post-entry post-entry-type-page post-entry-652'><div class='entry-content-wrapper clearfix'>\n<div class=\"flex_column av_one_half  flex_column_div av-zero-column-padding first  \" style='border-radius:0px; '><p><div style='padding-bottom:0px;' class='av-special-heading av-special-heading-h1  blockquote modern-quote   '><h1 class='av-special-heading-tag '  itemprop=\"headline\"  >Empresa<\/h1><div class='special-heading-border'><div class='special-heading-inner-border' ><\/div><\/div><\/div><br \/>\n<section class=\"av_textblock_section \"  itemscope=\"itemscope\" itemtype=\"https:\/\/schema.org\/CreativeWork\" ><div class='avia_textblock company-description av_inherit_color '  style='color:#ffffff; '  itemprop=\"text\" ><p class=\"p1\"><span class=\"s1\">El Grupo Ferrero tambi\u00e9n se ocupa desde 2008 de la realizaci\u00f3n de proyectos hidroel\u00e9ctricos en el exterior, particularmente en Chile.<\/span><\/p>\n<\/div><\/section><br \/>\n<div style='height:50px' class='hr hr-invisible   '><span class='hr-inner ' ><span class='hr-inner-style'><\/span><\/span><\/div><\/p><\/div><div class=\"flex_column av_one_half  flex_column_div av-zero-column-padding   \" style='border-radius:0px; '><\/div><div style='height:50px' class='hr hr-invisible   '><span class='hr-inner ' ><span class='hr-inner-style'><\/span><\/span><\/div>\n<\/div><\/div><\/div><!-- close content main div --><\/div><\/div><\/div><div id='after_section_1' class='main_color av_default_container_wrap container_wrap sidebar_right'   ><div class='container' ><div class='template-page content  av-content-small alpha units'><div class='post-entry post-entry-type-page post-entry-652'><div class='entry-content-wrapper clearfix'>\n<div class=\"flex_column av_one_full  flex_column_div av-zero-column-padding first  \" style='border-radius:0px; '><section class=\"av_textblock_section \"  itemscope=\"itemscope\" itemtype=\"https:\/\/schema.org\/CreativeWork\" ><div class='avia_textblock  av_inherit_color '  style='color:#ffffff; '  itemprop=\"text\" ><p style=\"text-align: center;\">Las centrales hidroel\u00e9ctricas ya realizadas est\u00e1n ubicadas en la zona de los lagos Puyehue y Rupanco y en la Regi\u00f3n de la Araucan\u00eda. Estas plantas est\u00e1n conectadas al Sistema Interconectado Central (SIC)<\/p>\n<\/div><\/section><\/div>\n<\/div><\/div><\/div><!-- close content main div --><\/div><\/div><div id='av_section_2' class='avia-section main_color avia-section-default avia-no-shadow av-section-color-overlay-active avia-bg-style-scroll  section-animate-number  av-mini-hide av-minimum-height av-minimum-height-custom container_wrap sidebar_right' style = 'background-color: #5f86e8; '  ><div class='av-section-color-overlay-wrap'><div class='av-section-color-overlay' style='opacity: 1; background-image: url(https:\/\/www.siedchile.cl\/wp-content\/uploads\/2018\/04\/overlay-ci.png); background-repeat: repeat;'><\/div><div class='container' style='height:225px'><div class='template-page content  av-content-small alpha units'><div class='post-entry post-entry-type-page post-entry-652'><div class='entry-content-wrapper clearfix'>\n<div class=\"flex_column av_one_fourth  flex_column_div av-zero-column-padding first  \" style='border-radius:0px; '><\/div><div class=\"flex_column av_one_fourth  flex_column_div av-zero-column-padding   column-animate-number \" style='border-radius:0px; '><div style='color:#1f233f' class=\"avia-animated-number av-force-default-color  avia-color-font-custom  animate-number avia_animate_when_visible\" style='color:#1f233f'><strong class=\"heading avia-animated-number-title\" ><span class=\"avia-single-number __av-single-number\" data-number=\"62\">62<\/span><span class=\"avia-no-number\">MW<\/span><\/strong><div class='avia-animated-number-content' ><p>POTENCIA TOTAL CONCEDIDA<\/p>\n<\/div><\/div><\/div><div class=\"flex_column av_one_fourth  flex_column_div av-zero-column-padding   column-animate-number-2 \" style='border-radius:0px; '><div style='color:#1f233f' class=\"avia-animated-number av-force-default-color  avia-color-font-custom  animate-number avia_animate_when_visible\" style='color:#1f233f'><strong class=\"heading avia-animated-number-title\" ><span class=\"avia-single-number __av-single-number\" data-number=\"280\">280<\/span><span class=\"avia-no-number\">.<\/span><span class=\"avia-single-number __av-single-number\" data-number=\"000\">000<\/span><span class=\"avia-no-number\">MWh<\/span><\/strong><div class='avia-animated-number-content' ><p>PRODUCCI\u00d3N MEDIA ANUAL<\/p>\n<\/div><\/div><\/div><div class=\"flex_column av_one_fourth  flex_column_div av-zero-column-padding   \" style='border-radius:0px; '><\/div><\/div><\/div><\/div><!-- close content main div --><\/div><\/div><\/div><div id='after_section_2' class='main_color av_default_container_wrap container_wrap sidebar_right'   ><div class='container' ><div class='template-page content  av-content-small alpha units'><div class='post-entry post-entry-type-page post-entry-652'><div class='entry-content-wrapper clearfix'><\/div><\/div><\/div><!-- close content main div --><\/div><\/div><div id='av_section_3' class='avia-section main_color avia-section-default avia-no-shadow avia-bg-style-scroll    container_wrap sidebar_right'   ><div class='container' ><div class='template-page content  av-content-small alpha units'><div class='post-entry post-entry-type-page post-entry-652'><div class='entry-content-wrapper clearfix'>\n<section class=\"av_textblock_section \"  itemscope=\"itemscope\" itemtype=\"https:\/\/schema.org\/CreativeWork\" ><div class='avia_textblock company-big-desc-1 av_inherit_color '  style='color:#ffffff; '  itemprop=\"text\" ><p class=\"p1\" style=\"text-align: center;\"><span class=\"s1\">A trav\u00e9s de la S I E D y sus subsidiarias, el Grupo Ferrero adquiri\u00f3 posteriormente otras instalaciones en el territorio nacional hasta llegar a un parque de 17 Centrales. Esta producci\u00f3n logra satisfacer la demanda anual de energ\u00eda el\u00e9ctrica de m\u00e1s de 104.000 hogares. <\/span><\/p>\n<p><center><a href=\"https:\/\/www.siedenergia.it\/\" target=\"_blank\" rel=\"noopener\">Siedenergia.it<\/a><\/center><\/p>\n<\/div><\/section>\n<\/div><\/div><\/div><!-- close content main div --><\/div><\/div><div id='after_section_3' class='main_color av_default_container_wrap container_wrap sidebar_right'   ><div class='container' ><div class='template-page content  av-content-small alpha units'><div class='post-entry post-entry-type-page post-entry-652'><div class='entry-content-wrapper clearfix'><div class=\"flex_column av_one_full  flex_column_div av-zero-column-padding first  \" style='border-radius:0px; '><div style='height:25px' class='hr hr-invisible   '><span class='hr-inner ' ><span class='hr-inner-style'><\/span><\/span><\/div><\/div><\/p>\n","protected":false},"excerpt":{"rendered":"","protected":false},"author":1,"featured_media":0,"parent":0,"menu_order":0,"comment_status":"closed","ping_status":"closed","template":"","meta":{"footnotes":""},"_links":{"self":[{"href":"https:\/\/www.siedchile.cl\/es\/wp-json\/wp\/v2\/pages\/652\/"}],"collection":[{"href":"https:\/\/www.siedchile.cl\/es\/wp-json\/wp\/v2\/pages\/"}],"about":[{"href":"https:\/\/www.siedchile.cl\/es\/wp-json\/wp\/v2\/types\/page\/"}],"author":[{"embeddable":true,"href":"https:\/\/www.siedchile.cl\/es\/wp-json\/wp\/v2\/users\/1\/"}],"replies":[{"embeddable":true,"href":"https:\/\/www.siedchile.cl\/es\/wp-json\/wp\/v2\/comments\/?post=652"}],"version-history":[{"count":5,"href":"https:\/\/www.siedchile.cl\/es\/wp-json\/wp\/v2\/pages\/652\/revisions\/"}],"predecessor-version":[{"id":1031,"href":"https:\/\/www.siedchile.cl\/es\/wp-json\/wp\/v2\/pages\/652\/revisions\/1031\/"}],"wp:attachment":[{"href":"https:\/\/www.siedchile.cl\/es\/wp-json\/wp\/v2\/media\/?parent=652"}],"curies":[{"name":"wp","href":"https:\/\/api.w.org\/{rel}","templated":true}]}}