{"id":639,"date":"2018-03-19T13:15:13","date_gmt":"2018-03-19T12:15:13","guid":{"rendered":"http:\/\/www.siedchile.cl\/come-funziona-una-centrale\/"},"modified":"2018-12-18T17:48:09","modified_gmt":"2018-12-18T16:48:09","slug":"como-funciona-una-central","status":"publish","type":"page","link":"https:\/\/www.siedchile.cl\/es\/como-funciona-una-central\/","title":{"rendered":"C\u00f3mo funciona una central"},"content":{"rendered":"<\/div><\/div><\/div><!-- close content main div --><\/div><\/div><div id='av_section_1' class='avia-section main_color avia-section-default avia-no-shadow avia-full-stretch av-section-color-overlay-active avia-bg-style-scroll  section-how-to  av-minimum-height av-minimum-height-100 container_wrap sidebar_right' style = 'background-color: #ffffff; background-repeat: no-repeat; background-image: url(https:\/\/www.siedchile.cl\/wp-content\/uploads\/2018\/07\/occhio_azienda_background_bottom.jpg); background-attachment: scroll; background-position: center right; ' data-section-bg-repeat='stretch' ><div class='av-section-color-overlay-wrap'><div class='av-section-color-overlay' style='opacity: 1; background-image: url(https:\/\/www.siedchile.cl\/wp-content\/uploads\/2018\/07\/occhio_contatti_overlay.png); background-repeat: repeat;'><\/div><div class='container' ><div class='template-page content  av-content-small alpha units'><div class='post-entry post-entry-type-page post-entry-639'><div class='entry-content-wrapper clearfix'>\n<div class=\"flex_column av_one_third  flex_column_div av-zero-column-padding first  \" style='border-radius:0px; '><p><div style='padding-bottom:10px;' class='av-special-heading av-special-heading-h1     '><h1 class='av-special-heading-tag '  itemprop=\"headline\"  >C\u00f3mo funciona<br \/>\nuna central<\/h1><div class='special-heading-border'><div class='special-heading-inner-border' ><\/div><\/div><\/div><br \/>\n<section class=\"avia_codeblock_section  avia_code_block_0\"  itemscope=\"itemscope\" itemtype=\"https:\/\/schema.org\/CreativeWork\" ><div class='avia_codeblock '  itemprop=\"text\" > [avia_codeblock_placeholder uid=\"0\"] <\/div><\/section><br \/>\n<section class=\"av_textblock_section \"  itemscope=\"itemscope\" itemtype=\"https:\/\/schema.org\/CreativeWork\" ><div class='avia_textblock  av_inherit_color '  style='color:#ffffff; '  itemprop=\"text\" ><p class=\"p1\"><span class=\"s1\">El agua ha sido siempre un medio para producir fuerza motriz, ya desde la antig\u00fcedad: inicialmente para el movimiento de las muelas y los martinetes, sucesivamente para la generaci\u00f3n de energ\u00eda el\u00e9ctrica mediante obras de ingenier\u00eda hidr\u00e1ulica que dieron vida a las actuales centrales hidroel\u00e9ctricas.<\/span><\/p>\n<\/div><\/section><\/p><\/div><div class=\"flex_column av_two_third  flex_column_div av-zero-column-padding   \" style='border-radius:0px; '><section class=\"av_textblock_section \"  itemscope=\"itemscope\" itemtype=\"https:\/\/schema.org\/CreativeWork\" ><div class='avia_textblock  '   itemprop=\"text\" ><p><img decoding=\"async\" src=\"\/wp-content\/uploads\/2018\/04\/gifCentrale.gif\" \/><\/p>\n<\/div><\/section><\/div><section class=\"av_textblock_section \"  itemscope=\"itemscope\" itemtype=\"https:\/\/schema.org\/CreativeWork\" ><div class='avia_textblock  av_inherit_color '  style='color:#ffffff; '  itemprop=\"text\" ><p class=\"p1\"><span class=\"s1\">El principio de funcionamiento de una central hidroel\u00e9ctrica se basa en el movimiento de grandes masas de agua a trav\u00e9s de un salto generado por un desnivel: se retira una cierta cantidad a determinada altura para luego volver a introducirla, sin alguna alteraci\u00f3n qu\u00edmica o f\u00edsica, a una altura m\u00e1s baja.<\/span><\/p>\n<p class=\"p1\"><span class=\"s1\">La energ\u00eda potencial del agua se transforma entonces en energ\u00eda cin\u00e9tica que, durante el salto, pone en marcha el movimiento rotatorio de una turbina conectada a un generador de corriente, denominado tambi\u00e9n alternador, que produce a su vez la energ\u00eda el\u00e9ctrica. <\/span><\/p>\n<p class=\"p1\"><span class=\"s1\">Este proceso se divide en dos fases: primero a trav\u00e9s de un est\u00e1tor y luego a trav\u00e9s de un rotor. Si ambos son ajustables la turbina se define de doble regulaci\u00f3n, si en cambio solo una parte es ajustable y la otra es fija se denomina de simple regulaci\u00f3n o de h\u00e9lice.<\/span><\/p>\n<\/div><\/section>\n<\/div><\/div><\/div><!-- close content main div --><\/div><\/div><\/div><div id='after_section_1' class='main_color av_default_container_wrap container_wrap sidebar_right'   ><div class='container' ><div class='template-page content  av-content-small alpha units'><div class='post-entry post-entry-type-page post-entry-639'><div class='entry-content-wrapper clearfix'><\/div><\/div><\/div><!-- close content main div --><\/div><\/div><div id='av_section_2' class='avia-section main_color avia-section-default avia-no-shadow av-section-color-overlay-active avia-bg-style-scroll  section-how-to-2  av-minimum-height av-minimum-height-75 container_wrap sidebar_right' style = 'background-color: #08243f; '  ><div class='av-section-color-overlay-wrap'><div class='av-section-color-overlay' style='opacity: 1; '><\/div><div class='container' ><div class='template-page content  av-content-small alpha units'><div class='post-entry post-entry-type-page post-entry-639'><div class='entry-content-wrapper clearfix'>\n<div class=\"flex_column av_one_half  flex_column_div av-zero-column-padding first  \" style='border-radius:0px; '><div class='avia-image-container  av-styling-    img-turbina avia-align-center '  itemprop=\"ImageObject\" itemscope=\"itemscope\" itemtype=\"https:\/\/schema.org\/ImageObject\"  ><div class='avia-image-container-inner'><img class='avia_image ' src='https:\/\/www.siedchile.cl\/wp-content\/uploads\/2018\/07\/sied_cile_turbina.png' alt='' title='sied_cile_turbina'   itemprop=\"thumbnailUrl\"  \/><\/div><\/div><\/div><div class=\"flex_column av_one_half  flex_column_div av-zero-column-padding   \" style='border-radius:0px; '><section class=\"av_textblock_section \"  itemscope=\"itemscope\" itemtype=\"https:\/\/schema.org\/CreativeWork\" ><div class='avia_textblock  av_inherit_color '  style='color:#ffffff; '  itemprop=\"text\" ><p class=\"p1\"><span class=\"s1\">Las turbinas hidr\u00e1ulicas se dividen en tres grandes categor\u00edas, que var\u00edan seg\u00fan la cantidad de agua, el caudal y el desnivel o &#8220;salto hidr\u00e1ulico&#8221; disponibles. Los principales tipos de turbina son Kaplan, Francis y Pelton, denominaciones procedentes de sus inventores. <\/span><\/p>\n<p class=\"p1\"><span class=\"s1\">Con un salto hidr\u00e1ulico bajo, inferior a los 20 m, y un alto caudal de agua, aproximadamente superior a los 20 m<\/span><span class=\"s2\"><sup>3<\/sup><\/span><span class=\"s1\">\/s, se utiliza la turbina Kaplan.<\/span><\/p>\n<p class=\"p1\"><span class=\"s1\">Con un salto mediano, entre unos 20 y unos 100\/150 m, y un caudal de agua mediano, generalmente se utiliza la turbina Francis.<span class=\"Apple-converted-space\">\u00a0 <\/span>Este tipo de m\u00e1quina tienen una sola regulaci\u00f3n: las paletas de est\u00e1tor se mueven para aprovechar el flujo de agua de la mejor manera posible y dirigirlo hacia el rotor, constituido por perfiles hidr\u00e1ulicos fijos.<\/span><\/p>\n<\/div><\/section><\/div><div class=\"flex_column av_two_third  flex_column_div av-zero-column-padding first  \" style='border-radius:0px; '><section class=\"av_textblock_section \"  itemscope=\"itemscope\" itemtype=\"https:\/\/schema.org\/CreativeWork\" ><div class='avia_textblock  av_inherit_color '  style='color:#ffffff; '  itemprop=\"text\" ><p class=\"p1\"><span class=\"s1\">En caso de grandes saltos, superiores a los 100\/150 m y con caudales moderados, normalmente inferiores a los 10 m<\/span><span class=\"s2\"><sup>3<\/sup><\/span><span class=\"s1\">\/s, se utiliza la turbina Pelton. El principio de funcionamiento de esta turbina es como el de la cl\u00e1sica rueda de palas de los antiguos molinos. En este caso las palas tienen la forma de una doble cuchara: el agua pasa a trav\u00e9s de una o m\u00e1s boquillas ajustables que dirigen el chorro hacia el centro de la doble cuchara, activando as\u00ed la turbina.<\/span><\/p>\n<\/div><\/section><\/div><div class=\"flex_column av_one_third  flex_column_div av-zero-column-padding   \" style='border-radius:0px; '><div class='avia-image-container  av-styling-    img-turbina avia-align-center '  itemprop=\"ImageObject\" itemscope=\"itemscope\" itemtype=\"https:\/\/schema.org\/ImageObject\"  ><div class='avia-image-container-inner'><img class='avia_image ' src='https:\/\/www.siedchile.cl\/wp-content\/uploads\/2018\/05\/siedchile_turbine.png' alt='' title='siedchile_turbine'   itemprop=\"thumbnailUrl\"  \/><\/div><\/div><\/div><\/div><\/div><\/div><!-- close content main div --><\/div><\/div><\/div><div id='after_section_2' class='main_color av_default_container_wrap container_wrap sidebar_right'   ><div class='container' ><div class='template-page content  av-content-small alpha units'><div class='post-entry post-entry-type-page post-entry-639'><div class='entry-content-wrapper clearfix'><\/p>\n","protected":false},"excerpt":{"rendered":"","protected":false},"author":1,"featured_media":0,"parent":0,"menu_order":0,"comment_status":"closed","ping_status":"closed","template":"","meta":{"footnotes":""},"_links":{"self":[{"href":"https:\/\/www.siedchile.cl\/es\/wp-json\/wp\/v2\/pages\/639\/"}],"collection":[{"href":"https:\/\/www.siedchile.cl\/es\/wp-json\/wp\/v2\/pages\/"}],"about":[{"href":"https:\/\/www.siedchile.cl\/es\/wp-json\/wp\/v2\/types\/page\/"}],"author":[{"embeddable":true,"href":"https:\/\/www.siedchile.cl\/es\/wp-json\/wp\/v2\/users\/1\/"}],"replies":[{"embeddable":true,"href":"https:\/\/www.siedchile.cl\/es\/wp-json\/wp\/v2\/comments\/?post=639"}],"version-history":[{"count":2,"href":"https:\/\/www.siedchile.cl\/es\/wp-json\/wp\/v2\/pages\/639\/revisions\/"}],"predecessor-version":[{"id":745,"href":"https:\/\/www.siedchile.cl\/es\/wp-json\/wp\/v2\/pages\/639\/revisions\/745\/"}],"wp:attachment":[{"href":"https:\/\/www.siedchile.cl\/es\/wp-json\/wp\/v2\/media\/?parent=639"}],"curies":[{"name":"wp","href":"https:\/\/api.w.org\/{rel}","templated":true}]}}